{"id":1746,"date":"2022-08-04T22:28:21","date_gmt":"2022-08-04T22:28:21","guid":{"rendered":"https:\/\/fondopem.com\/?page_id=1746"},"modified":"2024-08-21T04:40:09","modified_gmt":"2024-08-21T04:40:09","slug":"convocatoria-investigacion","status":"publish","type":"page","link":"https:\/\/fondopem.com\/?page_id=1746","title":{"rendered":"Convocatoria investigaci\u00f3n"},"content":{"rendered":"\t\t<div data-elementor-type=\"wp-page\" data-elementor-id=\"1746\" class=\"elementor elementor-1746\">\n\t\t\t\t\t\t\t\t\t<section class=\"elementor-section elementor-top-section elementor-element elementor-element-1c9648ef elementor-section-boxed elementor-section-height-default elementor-section-height-default\" data-id=\"1c9648ef\" data-element_type=\"section\">\n\t\t\t\t\t\t<div class=\"elementor-container elementor-column-gap-default\">\n\t\t\t\t\t<div class=\"elementor-column elementor-col-100 elementor-top-column elementor-element elementor-element-3fd43027\" data-id=\"3fd43027\" data-element_type=\"column\">\n\t\t\t<div class=\"elementor-widget-wrap elementor-element-populated\">\n\t\t\t\t\t\t\t\t<div class=\"elementor-element elementor-element-6395b380 elementor-widget elementor-widget-text-editor\" data-id=\"6395b380\" data-element_type=\"widget\" data-widget_type=\"text-editor.default\">\n\t\t\t\t<div class=\"elementor-widget-container\">\n\t\t\t<style>\/*! elementor - v3.6.7 - 03-07-2022 *\/\n.elementor-widget-text-editor.elementor-drop-cap-view-stacked .elementor-drop-cap{background-color:#818a91;color:#fff}.elementor-widget-text-editor.elementor-drop-cap-view-framed .elementor-drop-cap{color:#818a91;border:3px solid;background-color:transparent}.elementor-widget-text-editor:not(.elementor-drop-cap-view-default) .elementor-drop-cap{margin-top:8px}.elementor-widget-text-editor:not(.elementor-drop-cap-view-default) .elementor-drop-cap-letter{width:1em;height:1em}.elementor-widget-text-editor .elementor-drop-cap{float:left;text-align:center;line-height:1;font-size:50px}.elementor-widget-text-editor .elementor-drop-cap-letter{display:inline-block}<\/style>\t\t\t\t<p><!-- wp:heading --><\/p>\n<h5 style=\"font-style: normal; color: rgb(58, 58, 58);\">Beca para estudiantes de Medicina (UNLP) interesados en investigaci\u00f3n en Ciencias Biom\u00e9dicas<\/h5><p><span style=\"background-color: var(--ast-global-color-5); color: var(--ast-global-color-2);\">La Fundaci\u00f3n Pedro Belou otorgar\u00e1 una Beca; propuesta, ideada y financiada por el grupo de m\u00e9dicos graduados de la UNLP de el Fondo PEM. Asimismo, colaboran con la financiaci\u00f3n: aportes externos, provenientes de donaciones y subastas, y&nbsp;<\/span><span style=\"font-size: 1rem; color: var(--ast-global-color-2); background-color: var(--ast-global-color-5);\">las devoluciones de fondos de los ex becarios y ex becarias.<\/span><br><\/p>\n<h5>Objetivo<\/h5>\n<p>La Beca procura asistir a estudiantes de Medicina de la Facultad de Ciencias M\u00e9dicas de la Universidad Nacional de La Plata interesados en realizar un estudio de investigaci\u00f3n integr\u00e1ndose a trabajar en equipos de investigaci\u00f3n de la Facultad y publicar el proyecto de investigaci\u00f3n en Ciencias Biom\u00e9dicas.<\/p>\n<h5>Requisitos<\/h5>\n<p><!-- \/wp:heading --><!-- wp:paragraph --><\/p>\n<p><strong>a)<\/strong> Cada postulante podr\u00e1 presentar un \u00fanico proyecto por c\u00e1tedra, instituto u hospital de la Facultad, y deber\u00e1n ser avalados por un docente o investigador de dicha c\u00e1tedra, instituto u hospital de la Facultad.<\/p>\n<p><strong>b)<\/strong>&nbsp;<span style=\"background-color: var(--ast-global-color-5); color: var(--ast-global-color-2); font-size: 1rem;\">Los alumnos postulantes deber\u00e1n haber cursado y aprobado al menos la mitad de la carrera de medicina en la Facultad de Ciencias M\u00e9dicas de la UNLP y ser alumnos regulares al momento de presentarse a la postulaci\u00f3n.<\/span><\/p>\n<p><strong style=\"font-style: inherit; background-color: var(--ast-global-color-5); color: var(--ast-global-color-2);\">c)<\/strong><span style=\"font-style: inherit; font-weight: inherit; background-color: var(--ast-global-color-5); color: var(--ast-global-color-2);\">&nbsp;<\/span><span style=\"background-color: var(--ast-global-color-5); color: var(--ast-global-color-2); font-style: inherit; font-weight: inherit;\">El proyecto de investigaci\u00f3n debe ser realizable en un periodo m\u00e1ximo de dos a\u00f1os y reunir las condiciones para ser enviado a una revista cient\u00edfica para su publicaci\u00f3n.<\/span><\/p>\n<div><span style=\"font-weight: bold;\">d)<\/span>&nbsp;<span style=\"background-color: var(--ast-global-color-5); color: var(--ast-global-color-2); font-style: inherit; font-weight: inherit;\">A los seis meses de que el alumno que haya obtenido la beca, deber\u00e1 presentar un informe con el estado de avance del proyecto y un informe final al a\u00f1o.<\/span><\/div>\n<p>Si la investigaci\u00f3n durase dos a\u00f1os, podr\u00e1 presentarse por \u00fanica vez (nuevamente) para recibir una beca por el segundo a\u00f1o de investigaci\u00f3n.<\/p>\n<p><strong>e)<\/strong> Los proyectos que presenten los alumnos aspirantes a la beca de investigaci\u00f3n ser\u00e1n evaluados por la Comisi\u00f3n Directiva del Fondo PEM quien otorgar\u00e1 la beca al que sea considerado el mejor proyecto puntuado seg\u00fan un puntaje de criterios: p<span style=\"font-style: inherit; font-weight: inherit; background-color: var(--ast-global-color-5); color: var(--ast-global-color-2);\">erfil acad\u00e9mico del estudiante, viabilidad de la investigaci\u00f3n y participaci\u00f3n del estudiante en el proyecto.<\/span><\/p>\n<p><\/p>\n<p><strong>f)<\/strong>&nbsp;En la publicaci\u00f3n del estudio realizado debe constar el apoyo recibido por el Fondo PEM \/Fundaci\u00f3n Belou, en el apartado de financiamiento.<\/p>\n<p><!-- \/wp:paragraph --><!-- wp:heading --><\/p>\n<h5>Monto de la beca<\/h5>\n<p><!-- \/wp:heading --><!-- wp:paragraph --><\/p>\n<p>La Beca constar\u00e1 de una asignaci\u00f3n de $ 300.000 (trescientos mil pesos) que se entregar\u00e1 al ganador en acto p\u00fablico luego de su selecci\u00f3n en dos pagos semestrales. La Fundaci\u00f3n podr\u00e1 modificar el monto de la Beca conforme a la situaci\u00f3n econ\u00f3mica general, los fondos disponibles y las disponibilidades del Fondo PEM.<\/p>\n<p><!-- \/wp:paragraph --><!-- wp:heading --><\/p>\n<h5>Presentaci\u00f3n de aspirantes y selecci\u00f3n<\/h5>\n<p><!-- \/wp:heading --><!-- wp:paragraph --><\/p>\n<p><b><span style=\"font-style: inherit; background-color: var(--ast-global-color-5); color: var(--ast-global-color-2);\">Los aspirantes a la beca deber\u00e1n presentar sus postulaciones antes del 19 de septiembre de 2024 exclusivamente v\u00eda mail a:&nbsp;<\/span>&nbsp;<u><a href=\"mailto:fondoegresadosmedicina@gmail.com\">fondoegresadosmedicina@gmail.com<\/a><\/u><span style=\"background-color: var(--ast-global-color-5); color: var(--ast-global-color-2); font-style: inherit;\">.&nbsp;<\/span><\/b><span style=\"background-color: var(--ast-global-color-5); color: var(--ast-global-color-2); font-style: inherit; font-weight: inherit;\">Deber\u00e1n acreditar los requisitos establecidos, presentar la documentaci\u00f3n que se especifica m\u00e1s abajo, y asistir a la entrevista personal a la que se los convocar\u00e1 oportunamente. Posteriormente la Fundaci\u00f3n comunicar\u00e1 el resultado, a \u00e9l o la postulante que resulte seleccionado o seleccionada.<\/span><\/p>\n<p><!-- \/wp:paragraph --><!-- wp:heading --><!-- \/wp:paragraph --><!-- wp:heading --><\/p>\n<h5><strong>Documentaci\u00f3n a presentar por los postulantes<\/strong><\/h5>\n<p><!-- \/wp:paragraph --><!-- wp:paragraph --><\/p>\n<ul>\n<li>Fotocopia del DNI.<\/li>\n<li>Constancia de alumno regular.<\/li>\n<li>Constancia de cuenta bancaria propia (CBU\/n\u00famero de cuenta).<\/li>\n<li>Curriculum vitae detallados los datos personales y de contacto.<\/li>\n<li>Proyecto de investigaci\u00f3n completo, firmado por el docente de la c\u00e1tedra que avala la participaci\u00f3n del alumno postulante en dicho proyecto.<\/li>\n<\/ul>\n<h5>Datos que deben presentarse del proyecto de investigaci\u00f3n<\/h5>\n<ul>\n<li>Deben figurar nombre completo y datos de contacto de todos los investigadores que forman parte del proyecto, la instituci\u00f3n responsable (instituto, hospital, o c\u00e1tedra de la Facultad) y el t\u00edtulo de la investigaci\u00f3n.<\/li>\n<li>Las siguientes secciones detalladas: introducci\u00f3n, objetivos, material y m\u00e9todos, plan de an\u00e1lisis, resultados esperados, antecedentes de la investigaci\u00f3n, aspectos \u00e9ticos, posibles contingencias y sus v\u00edas de resoluci\u00f3n y bibliograf\u00eda.<\/li>\n<li>Detallar qu\u00e9 actividades realizar\u00e1 dentro del proyecto, el alumno que solicita la beca.<\/li>\n<li>Deber\u00e1 acompa\u00f1arse de una declaraci\u00f3n jurada que establezca que el alumno no recibe financiaci\u00f3n para la investigaci\u00f3n por otra fuente. Como esta condici\u00f3n no es excluyente, si el alumno (o el proyecto de investigaci\u00f3n recibieran financiamiento de otra fuente, se pedir\u00e1 que especifique el monto mensual (o total) de financiamiento recibido.<\/li>\n<\/ul>\n<h5>Requisito para recibir el segundo pago<\/h5>\n<p>El ganador de la beca deber\u00e1 presentar la constancia de que la investigaci\u00f3n de la que forma parte ha sido aprobada por el Comit\u00e9 de \u00c9tica que corresponda seg\u00fan la localizaci\u00f3n de su lugar de investigaci\u00f3n.<\/p>\n<h5>Cancelaci\u00f3n de la Beca<\/h5>\n<p>La beca se cancelar\u00e1 ante la falta de presentaci\u00f3n del informe de avance o ante la situaci\u00f3n en la que se compruebe falseamiento de cualquier informaci\u00f3n presentada para su postulaci\u00f3n.<\/p>\n<p><strong>Fecha l\u00edmite para postularse: jueves 19 de septiembre de 2024.<\/strong><\/p>\n<p><strong>Las postulaciones deber\u00e1n presentarse con toda la documentaci\u00f3n completa (todo escaneado o digitalizado con im\u00e1genes de buena calidad) y exclusivamente por mail a: <span style=\"text-decoration: underline;\"><a href=\"mailto:fondoegresadosmedicina@gmail.com\">fondoegresadosmedicina@gmail.com<\/a><\/span><\/strong><span style=\"background-color: var(--ast-global-color-5); color: var(--ast-global-color-2); font-size: 1rem;\">&nbsp;<\/span><\/p>\n<p><!-- \/wp:paragraph --><!-- wp:heading --><!-- \/wp:paragraph --><\/p>\t\t\t\t\t\t<\/div>\n\t\t\t\t<\/div>\n\t\t\t\t\t<\/div>\n\t\t<\/div>\n\t\t\t\t\t\t\t<\/div>\n\t\t<\/section>\n\t\t\t\t\t\t\t<\/div>\n\t\t","protected":false},"excerpt":{"rendered":"<p>Beca para estudiantes de Medicina (UNLP) interesados en investigaci\u00f3n en Ciencias Biom\u00e9dicas La Fundaci\u00f3n Pedro Belou otorgar\u00e1 una Beca; propuesta, ideada y financiada por el grupo de m\u00e9dicos graduados de la UNLP de el Fondo PEM. Asimismo, colaboran con la financiaci\u00f3n: aportes externos, provenientes de donaciones y subastas, y&nbsp;las devoluciones de fondos de los ex &hellip;<\/p>\n<p class=\"read-more\"> <a class=\"\" href=\"https:\/\/fondopem.com\/?page_id=1746\"> <span class=\"screen-reader-text\">Convocatoria investigaci\u00f3n<\/span> Read More &raquo;<\/a><\/p>\n","protected":false},"author":1,"featured_media":0,"parent":0,"menu_order":0,"comment_status":"closed","ping_status":"closed","template":"","meta":{"om_disable_all_campaigns":false,"_monsterinsights_skip_tracking":false,"_monsterinsights_sitenote_active":false,"_monsterinsights_sitenote_note":"","_monsterinsights_sitenote_category":0,"site-sidebar-layout":"default","site-content-layout":"default","ast-global-header-display":"","ast-main-header-display":"","ast-hfb-above-header-display":"","ast-hfb-below-header-display":"","ast-hfb-mobile-header-display":"","site-post-title":"","ast-breadcrumbs-content":"","ast-featured-img":"","footer-sml-layout":"","theme-transparent-header-meta":"","adv-header-id-meta":"","stick-header-meta":"","header-above-stick-meta":"","header-main-stick-meta":"","header-below-stick-meta":""},"_links":{"self":[{"href":"https:\/\/fondopem.com\/index.php?rest_route=\/wp\/v2\/pages\/1746"}],"collection":[{"href":"https:\/\/fondopem.com\/index.php?rest_route=\/wp\/v2\/pages"}],"about":[{"href":"https:\/\/fondopem.com\/index.php?rest_route=\/wp\/v2\/types\/page"}],"author":[{"embeddable":true,"href":"https:\/\/fondopem.com\/index.php?rest_route=\/wp\/v2\/users\/1"}],"replies":[{"embeddable":true,"href":"https:\/\/fondopem.com\/index.php?rest_route=%2Fwp%2Fv2%2Fcomments&post=1746"}],"version-history":[{"count":13,"href":"https:\/\/fondopem.com\/index.php?rest_route=\/wp\/v2\/pages\/1746\/revisions"}],"predecessor-version":[{"id":2874,"href":"https:\/\/fondopem.com\/index.php?rest_route=\/wp\/v2\/pages\/1746\/revisions\/2874"}],"wp:attachment":[{"href":"https:\/\/fondopem.com\/index.php?rest_route=%2Fwp%2Fv2%2Fmedia&parent=1746"}],"curies":[{"name":"wp","href":"https:\/\/api.w.org\/{rel}","templated":true}]}}